{"id":245,"date":"2019-06-17T20:32:35","date_gmt":"2019-06-17T20:32:35","guid":{"rendered":"https:\/\/danielalarkin.ch\/?page_id=245"},"modified":"2022-02-24T10:37:51","modified_gmt":"2022-02-24T10:37:51","slug":"never-stops-at-all","status":"publish","type":"page","link":"https:\/\/danielalarkin.ch\/","title":{"rendered":"never stops at all"},"content":{"rendered":"\n<p class=\"has-text-align-center\"><em>\u00abIt is my heart that makes my songs, not I.\u00bb<\/em><br>What do I care &#8211; Sara Teasdale (1884-1933)<br>&nbsp;<\/p>\n\n\n\n<figure class=\"wp-block-video\"><video autoplay controls poster=\"https:\/\/danielalarkin.ch\/wp-content\/uploads\/2019\/06\/DSC_7714-Edit.jpg\" preload=\"auto\" src=\"https:\/\/danielalarkin.ch\/wp-content\/uploads\/2019\/06\/LarkinL\u00fcscher-gross-mit-Abspann.mov\" playsinline><\/video><\/figure>\n\n\n\n<div style=\"height:100px\" aria-hidden=\"true\" class=\"wp-block-spacer\"><\/div>\n\n\n\n<h6 class=\"has-text-align-center wp-block-heading\">LarkinL\u00fcscher<\/h6>\n\n\n\n<p class=\"has-text-color\" style=\"color:#ffffff\">a<\/p>\n\n\n\n<p><\/p>\n\n\n\n<p>Klangkosmen verbinden und entwickeln sich. Zarte, starke und fliessende Bewegungen verschmelzen zu einer harmonischen Einheit, musikalische und lyrische Komponenten interagieren und erschaffen neue Perspektiven, R\u00e4ume und Atmosph\u00e4ren.&nbsp;<br>&nbsp;<br>Die S\u00e4ngerin Daniela&nbsp;\ufeffLarkin und der Pianist Thomas L\u00fcscher erz\u00e4hlen in ihrem Konzertprogramm mit einer tiefgreifenden Leichtigkeit, einer intuitiven musikalischen Hingabe und viel Klangsensibilit\u00e4t von Zuversicht, Hoffnung, Leidenschaft, Urkraft, Empfindsamkeit und Sehnsucht. Im kammermusikalischen und stilistisch sehr weit gefassten Zusammenspiel tauchen die beiden Musiker mit einer bedingungslosen Hingabe zu Wort und Klang in Welten voller Tiefgr\u00fcndigkeit ein und nehmen ihre Zuh\u00f6rer mit auf eine musikalisch-poetische Reise zwischen Raum und Zeit. Als Inspirations- und Schaffensquelle f\u00fcr die Eigenkompositionen dienen unter anderem Gedichte aus drei Jahrhunderten von Emily Dickinson, Sara Teasdale, Horace Smith, Emily Bront\u00eb und E.E. Cummings.&nbsp;<\/p>\n\n\n\n<div style=\"height:100px\" aria-hidden=\"true\" class=\"wp-block-spacer\"><\/div>\n\n\n\n<div class=\"wp-block-buttons is-layout-flex wp-block-buttons-is-layout-flex\">\n<div class=\"wp-block-button has-custom-width wp-block-button__width-50 is-style-outline\"><a class=\"wp-block-button__link has-black-color has-text-color\" href=\"https:\/\/www.youtube.com\/channel\/UCQN2_6XIBQUAiPPw1Ujlu0w\" style=\"border-radius:44px\" target=\"_blank\" rel=\"noreferrer noopener\">more music on youtube<\/a><\/div>\n<\/div>\n\n\n\n<p class=\"has-text-align-center\"><kbd><img loading=\"lazy\" decoding=\"async\" width=\"1200\" height=\"1108\" class=\"wp-image-375\" src=\"https:\/\/danielalarkin.ch\/wp-content\/uploads\/2020\/02\/IMG_5995-scaled.jpeg\" alt=\"\" style=\"width: 1200px;\" srcset=\"https:\/\/danielalarkin.ch\/wp-content\/uploads\/2020\/02\/IMG_5995-scaled.jpeg 2560w, https:\/\/danielalarkin.ch\/wp-content\/uploads\/2020\/02\/IMG_5995-scaled-600x554.jpeg 600w, https:\/\/danielalarkin.ch\/wp-content\/uploads\/2020\/02\/IMG_5995-300x277.jpeg 300w, https:\/\/danielalarkin.ch\/wp-content\/uploads\/2020\/02\/IMG_5995-1024x945.jpeg 1024w, https:\/\/danielalarkin.ch\/wp-content\/uploads\/2020\/02\/IMG_5995-768x709.jpeg 768w, https:\/\/danielalarkin.ch\/wp-content\/uploads\/2020\/02\/IMG_5995-1536x1418.jpeg 1536w, https:\/\/danielalarkin.ch\/wp-content\/uploads\/2020\/02\/IMG_5995-2048x1891.jpeg 2048w, https:\/\/danielalarkin.ch\/wp-content\/uploads\/2020\/02\/IMG_5995-1140x1053.jpeg 1140w\" sizes=\"(max-width: 1200px) 100vw, 1200px\" \/><\/kbd><\/p>\n\n\n\n<div style=\"height:100px\" aria-hidden=\"true\" class=\"wp-block-spacer\"><\/div>\n\n\n\n<div style=\"height:100px\" aria-hidden=\"true\" class=\"wp-block-spacer\"><\/div>\n\n\n\n<p class=\"has-text-align-center has-small-font-size\"><a href=\"https:\/\/danielalarkin.ch\/?page_id=130\" target=\"_blank\" rel=\"noreferrer noopener\" aria-label=\"more music (\u00f6ffnet in neuem Tab)\">more music<\/a><\/p>\n","protected":false},"excerpt":{"rendered":"<p>\u00abIt is my heart that makes my songs, not I.\u00bbWhat do I care &#8211; Sara Teasdale (1884-1933)&nbsp; LarkinL\u00fcscher a Klangkosmen verbinden und entwickeln sich. Zarte, starke und fliessende Bewegungen verschmelzen zu einer harmonischen Einheit, musikalische und lyrische Komponenten interagieren und erschaffen neue Perspektiven, R\u00e4ume und Atmosph\u00e4ren.&nbsp;&nbsp;Die S\u00e4ngerin Daniela&nbsp;\ufeffLarkin und der Pianist Thomas L\u00fcscher erz\u00e4hlen in ihrem Konzertprogramm mit einer tiefgreifenden Leichtigkeit, einer intuitiven musikalischen Hingabe und viel Klangsensibilit\u00e4t von Zuversicht, Hoffnung, Leidenschaft, Urkraft, Empfindsamkeit und Sehnsucht. Im kammermusikalischen und stilistisch sehr weit gefassten Zusammenspiel tauchen die beiden Musiker mit einer bedingungslosen Hingabe zu Wort und Klang in Welten voller Tiefgr\u00fcndigkeit ein und nehmen ihre Zuh\u00f6rer mit auf eine musikalisch-poetische Reise zwischen Raum und Zeit. Als Inspirations- und Schaffensquelle f\u00fcr die Eigenkompositionen dienen unter anderem Gedichte aus drei Jahrhunderten von Emily Dickinson, Sara Teasdale, Horace Smith, Emily Bront\u00eb und E.E. Cummings.&nbsp; more music<\/p>\n","protected":false},"author":2,"featured_media":0,"parent":0,"menu_order":0,"comment_status":"closed","ping_status":"closed","template":"","meta":{"footnotes":""},"yoast_head":"<!-- This site is optimized with the Yoast SEO plugin v19.7.1 - https:\/\/yoast.com\/wordpress\/plugins\/seo\/ -->\n<title>never stops at all - Daniela Larkin<\/title>\n<meta name=\"robots\" content=\"index, follow, max-snippet:-1, max-image-preview:large, max-video-preview:-1\" \/>\n<link rel=\"canonical\" href=\"https:\/\/danielalarkin.ch\/\" \/>\n<meta property=\"og:locale\" content=\"de_DE\" \/>\n<meta property=\"og:type\" content=\"article\" \/>\n<meta property=\"og:title\" content=\"never stops at all - Daniela Larkin\" \/>\n<meta property=\"og:description\" content=\"\u00abIt is my heart that makes my songs, not I.\u00bbWhat do I care &#8211; Sara Teasdale (1884-1933)&nbsp; LarkinL\u00fcscher a Klangkosmen verbinden und entwickeln sich. Zarte, starke und fliessende Bewegungen verschmelzen zu einer harmonischen Einheit, musikalische und lyrische Komponenten interagieren und erschaffen neue Perspektiven, R\u00e4ume und Atmosph\u00e4ren.&nbsp;&nbsp;Die S\u00e4ngerin Daniela&nbsp;\ufeffLarkin und der Pianist Thomas L\u00fcscher erz\u00e4hlen in ihrem Konzertprogramm mit einer tiefgreifenden Leichtigkeit, einer intuitiven musikalischen Hingabe und viel Klangsensibilit\u00e4t von Zuversicht, Hoffnung, Leidenschaft, Urkraft, Empfindsamkeit und Sehnsucht. Im kammermusikalischen und stilistisch sehr weit gefassten Zusammenspiel tauchen die beiden Musiker mit einer bedingungslosen Hingabe zu Wort und Klang in Welten voller Tiefgr\u00fcndigkeit ein und nehmen ihre Zuh\u00f6rer mit auf eine musikalisch-poetische Reise zwischen Raum und Zeit. Als Inspirations- und Schaffensquelle f\u00fcr die Eigenkompositionen dienen unter anderem Gedichte aus drei Jahrhunderten von Emily Dickinson, Sara Teasdale, Horace Smith, Emily Bront\u00eb und E.E. Cummings.&nbsp; more music\" \/>\n<meta property=\"og:url\" content=\"https:\/\/danielalarkin.ch\/\" \/>\n<meta property=\"og:site_name\" content=\"Daniela Larkin\" \/>\n<meta property=\"article:modified_time\" content=\"2022-02-24T10:37:51+00:00\" \/>\n<meta property=\"og:image\" content=\"https:\/\/danielalarkin.ch\/wp-content\/uploads\/2020\/02\/IMG_5995-scaled.jpeg\" \/>\n<meta name=\"twitter:card\" content=\"summary_large_image\" \/>\n<meta name=\"twitter:label1\" content=\"Gesch\u00e4tzte Lesezeit\" \/>\n\t<meta name=\"twitter:data1\" content=\"1\u00a0Minute\" \/>\n<script type=\"application\/ld+json\" class=\"yoast-schema-graph\">{\"@context\":\"https:\/\/schema.org\",\"@graph\":[{\"@type\":\"WebPage\",\"@id\":\"https:\/\/danielalarkin.ch\/\",\"url\":\"https:\/\/danielalarkin.ch\/\",\"name\":\"never stops at all - Daniela Larkin\",\"isPartOf\":{\"@id\":\"https:\/\/danielalarkin.ch\/#website\"},\"datePublished\":\"2019-06-17T20:32:35+00:00\",\"dateModified\":\"2022-02-24T10:37:51+00:00\",\"breadcrumb\":{\"@id\":\"https:\/\/danielalarkin.ch\/#breadcrumb\"},\"inLanguage\":\"de\",\"potentialAction\":[{\"@type\":\"ReadAction\",\"target\":[\"https:\/\/danielalarkin.ch\/\"]}]},{\"@type\":\"BreadcrumbList\",\"@id\":\"https:\/\/danielalarkin.ch\/#breadcrumb\",\"itemListElement\":[{\"@type\":\"ListItem\",\"position\":1,\"name\":\"Startseite\",\"item\":\"https:\/\/danielalarkin.ch\/\"},{\"@type\":\"ListItem\",\"position\":2,\"name\":\"never stops at all\"}]},{\"@type\":\"WebSite\",\"@id\":\"https:\/\/danielalarkin.ch\/#website\",\"url\":\"https:\/\/danielalarkin.ch\/\",\"name\":\"Daniela Larkin\",\"description\":\"\",\"publisher\":{\"@id\":\"https:\/\/danielalarkin.ch\/#\/schema\/person\/d9e13bcf38e4bb4be41ea7e805902348\"},\"potentialAction\":[{\"@type\":\"SearchAction\",\"target\":{\"@type\":\"EntryPoint\",\"urlTemplate\":\"https:\/\/danielalarkin.ch\/?s={search_term_string}\"},\"query-input\":\"required name=search_term_string\"}],\"inLanguage\":\"de\"},{\"@type\":[\"Person\",\"Organization\"],\"@id\":\"https:\/\/danielalarkin.ch\/#\/schema\/person\/d9e13bcf38e4bb4be41ea7e805902348\",\"name\":\"Daniela Larkin\",\"image\":{\"@type\":\"ImageObject\",\"inLanguage\":\"de\",\"@id\":\"https:\/\/danielalarkin.ch\/#\/schema\/person\/image\/\",\"url\":\"https:\/\/secure.gravatar.com\/avatar\/6d5f2d5c8ae83bf161e8a87161983790?s=96&d=mm&r=g\",\"contentUrl\":\"https:\/\/secure.gravatar.com\/avatar\/6d5f2d5c8ae83bf161e8a87161983790?s=96&d=mm&r=g\",\"caption\":\"Daniela Larkin\"},\"logo\":{\"@id\":\"https:\/\/danielalarkin.ch\/#\/schema\/person\/image\/\"},\"sameAs\":[\"http:\/\/danielalarkin.ch\"]}]}<\/script>\n<!-- \/ Yoast SEO plugin. -->","yoast_head_json":{"title":"never stops at all - Daniela Larkin","robots":{"index":"index","follow":"follow","max-snippet":"max-snippet:-1","max-image-preview":"max-image-preview:large","max-video-preview":"max-video-preview:-1"},"canonical":"https:\/\/danielalarkin.ch\/","og_locale":"de_DE","og_type":"article","og_title":"never stops at all - Daniela Larkin","og_description":"\u00abIt is my heart that makes my songs, not I.\u00bbWhat do I care &#8211; Sara Teasdale (1884-1933)&nbsp; LarkinL\u00fcscher a Klangkosmen verbinden und entwickeln sich. Zarte, starke und fliessende Bewegungen verschmelzen zu einer harmonischen Einheit, musikalische und lyrische Komponenten interagieren und erschaffen neue Perspektiven, R\u00e4ume und Atmosph\u00e4ren.&nbsp;&nbsp;Die S\u00e4ngerin Daniela&nbsp;\ufeffLarkin und der Pianist Thomas L\u00fcscher erz\u00e4hlen in ihrem Konzertprogramm mit einer tiefgreifenden Leichtigkeit, einer intuitiven musikalischen Hingabe und viel Klangsensibilit\u00e4t von Zuversicht, Hoffnung, Leidenschaft, Urkraft, Empfindsamkeit und Sehnsucht. Im kammermusikalischen und stilistisch sehr weit gefassten Zusammenspiel tauchen die beiden Musiker mit einer bedingungslosen Hingabe zu Wort und Klang in Welten voller Tiefgr\u00fcndigkeit ein und nehmen ihre Zuh\u00f6rer mit auf eine musikalisch-poetische Reise zwischen Raum und Zeit. Als Inspirations- und Schaffensquelle f\u00fcr die Eigenkompositionen dienen unter anderem Gedichte aus drei Jahrhunderten von Emily Dickinson, Sara Teasdale, Horace Smith, Emily Bront\u00eb und E.E. Cummings.&nbsp; more music","og_url":"https:\/\/danielalarkin.ch\/","og_site_name":"Daniela Larkin","article_modified_time":"2022-02-24T10:37:51+00:00","og_image":[{"url":"https:\/\/danielalarkin.ch\/wp-content\/uploads\/2020\/02\/IMG_5995-scaled.jpeg"}],"twitter_card":"summary_large_image","twitter_misc":{"Gesch\u00e4tzte Lesezeit":"1\u00a0Minute"},"schema":{"@context":"https:\/\/schema.org","@graph":[{"@type":"WebPage","@id":"https:\/\/danielalarkin.ch\/","url":"https:\/\/danielalarkin.ch\/","name":"never stops at all - Daniela Larkin","isPartOf":{"@id":"https:\/\/danielalarkin.ch\/#website"},"datePublished":"2019-06-17T20:32:35+00:00","dateModified":"2022-02-24T10:37:51+00:00","breadcrumb":{"@id":"https:\/\/danielalarkin.ch\/#breadcrumb"},"inLanguage":"de","potentialAction":[{"@type":"ReadAction","target":["https:\/\/danielalarkin.ch\/"]}]},{"@type":"BreadcrumbList","@id":"https:\/\/danielalarkin.ch\/#breadcrumb","itemListElement":[{"@type":"ListItem","position":1,"name":"Startseite","item":"https:\/\/danielalarkin.ch\/"},{"@type":"ListItem","position":2,"name":"never stops at all"}]},{"@type":"WebSite","@id":"https:\/\/danielalarkin.ch\/#website","url":"https:\/\/danielalarkin.ch\/","name":"Daniela Larkin","description":"","publisher":{"@id":"https:\/\/danielalarkin.ch\/#\/schema\/person\/d9e13bcf38e4bb4be41ea7e805902348"},"potentialAction":[{"@type":"SearchAction","target":{"@type":"EntryPoint","urlTemplate":"https:\/\/danielalarkin.ch\/?s={search_term_string}"},"query-input":"required name=search_term_string"}],"inLanguage":"de"},{"@type":["Person","Organization"],"@id":"https:\/\/danielalarkin.ch\/#\/schema\/person\/d9e13bcf38e4bb4be41ea7e805902348","name":"Daniela Larkin","image":{"@type":"ImageObject","inLanguage":"de","@id":"https:\/\/danielalarkin.ch\/#\/schema\/person\/image\/","url":"https:\/\/secure.gravatar.com\/avatar\/6d5f2d5c8ae83bf161e8a87161983790?s=96&d=mm&r=g","contentUrl":"https:\/\/secure.gravatar.com\/avatar\/6d5f2d5c8ae83bf161e8a87161983790?s=96&d=mm&r=g","caption":"Daniela Larkin"},"logo":{"@id":"https:\/\/danielalarkin.ch\/#\/schema\/person\/image\/"},"sameAs":["http:\/\/danielalarkin.ch"]}]}},"_links":{"self":[{"href":"https:\/\/danielalarkin.ch\/index.php?rest_route=\/wp\/v2\/pages\/245"}],"collection":[{"href":"https:\/\/danielalarkin.ch\/index.php?rest_route=\/wp\/v2\/pages"}],"about":[{"href":"https:\/\/danielalarkin.ch\/index.php?rest_route=\/wp\/v2\/types\/page"}],"author":[{"embeddable":true,"href":"https:\/\/danielalarkin.ch\/index.php?rest_route=\/wp\/v2\/users\/2"}],"replies":[{"embeddable":true,"href":"https:\/\/danielalarkin.ch\/index.php?rest_route=%2Fwp%2Fv2%2Fcomments&post=245"}],"version-history":[{"count":44,"href":"https:\/\/danielalarkin.ch\/index.php?rest_route=\/wp\/v2\/pages\/245\/revisions"}],"predecessor-version":[{"id":4108,"href":"https:\/\/danielalarkin.ch\/index.php?rest_route=\/wp\/v2\/pages\/245\/revisions\/4108"}],"wp:attachment":[{"href":"https:\/\/danielalarkin.ch\/index.php?rest_route=%2Fwp%2Fv2%2Fmedia&parent=245"}],"curies":[{"name":"wp","href":"https:\/\/api.w.org\/{rel}","templated":true}]}}